{"id":8955,"date":"2025-02-06T11:37:52","date_gmt":"2025-02-06T10:37:52","guid":{"rendered":"https:\/\/czecrin.cz\/conscious\/"},"modified":"2025-05-09T15:27:37","modified_gmt":"2025-05-09T13:27:37","slug":"conscious","status":"publish","type":"page","link":"https:\/\/czecrin.cz\/en\/conscious\/","title":{"rendered":"CONSCIOUS"},"content":{"rendered":"<p>[et_pb_section fb_built=&#8221;1&#8243; _builder_version=&#8221;4.27.4&#8243; _module_preset=&#8221;default&#8221; background_enable_color=&#8221;off&#8221; background_image=&#8221;https:\/\/czecrin.cz\/wp-content\/uploads\/2025\/01\/numbers-bg.jpg&#8221; parallax=&#8221;on&#8221; custom_padding=&#8221;110px||110px||true|false&#8221; saved_tabs=&#8221;all&#8221; global_colors_info=&#8221;{}&#8221;][et_pb_row custom_padding_last_edited=&#8221;on|phone&#8221; _builder_version=&#8221;4.27.4&#8243; _module_preset=&#8221;default&#8221; custom_padding=&#8221;60px||||false|false&#8221; custom_padding_tablet=&#8221;60px||||false|false&#8221; custom_padding_phone=&#8221;60px||||false|false&#8221; animation_style=&#8221;slide&#8221; animation_direction=&#8221;top&#8221; global_colors_info=&#8221;{}&#8221;][et_pb_column type=&#8221;4_4&#8243; _builder_version=&#8221;4.27.4&#8243; _module_preset=&#8221;default&#8221; global_colors_info=&#8221;{}&#8221;][et_pb_post_title meta=&#8221;off&#8221; featured_image=&#8221;off&#8221; _builder_version=&#8221;4.27.4&#8243; _module_preset=&#8221;default&#8221; title_font=&#8221;|||on|||||&#8221; title_text_align=&#8221;center&#8221; title_text_color=&#8221;#FFFFFF&#8221; global_colors_info=&#8221;{}&#8221;][\/et_pb_post_title][\/et_pb_column][\/et_pb_row][\/et_pb_section][et_pb_section fb_built=&#8221;1&#8243; _builder_version=&#8221;4.27.4&#8243; _module_preset=&#8221;default&#8221; custom_margin=&#8221;||||false|false&#8221; custom_padding=&#8221;165px||||false|false&#8221; global_colors_info=&#8221;{}&#8221;][et_pb_row _builder_version=&#8221;4.27.4&#8243; _module_preset=&#8221;default&#8221; animation_style=&#8221;slide&#8221; animation_direction=&#8221;left&#8221; global_colors_info=&#8221;{}&#8221;][et_pb_column type=&#8221;4_4&#8243; _builder_version=&#8221;4.27.4&#8243; _module_preset=&#8221;default&#8221; global_colors_info=&#8221;{}&#8221;][et_pb_image src=&#8221;https:\/\/czecrin.cz\/wp-content\/uploads\/2025\/02\/Cons.png&#8221; title_text=&#8221;Cons&#8221; align=&#8221;center&#8221; _builder_version=&#8221;4.27.4&#8243; _module_preset=&#8221;default&#8221; global_colors_info=&#8221;{}&#8221;][\/et_pb_image][et_pb_text _builder_version=&#8221;4.27.4&#8243; _module_preset=&#8221;default&#8221; text_font=&#8221;|700|||||||&#8221; text_text_color=&#8221;#b5c2ce&#8221; text_letter_spacing=&#8221;1px&#8221; text_line_height=&#8221;1.4em&#8221; text_orientation=&#8221;center&#8221; custom_padding=&#8221;15px||||false|false&#8221; global_colors_info=&#8221;{}&#8221;]<\/p>\n<p>The Curriculum Development of Human Clinical Trials for the Next Generation Biomedical Students<br \/>Developing educational materials related to&nbsp;human clinical trials for biomedical students<\/p>\n<p>[\/et_pb_text][et_pb_text _builder_version=&#8221;4.27.4&#8243; _module_preset=&#8221;default&#8221; text_orientation=&#8221;center&#8221; global_colors_info=&#8221;{}&#8221;]<\/p>\n<p>The CONSCIOUS project was developed within the ERASMUS+ programme under the leadership of the University of P\u00e9cs and in&nbsp;cooperation with Masaryk University, University College Cork (Ireland), University Nova de&nbsp;Lisboa (Portugal) and University of Paris (France); ECRIN was an associate partner of the project. The subject of the CONSCIOUS project was the <strong>development of curricula<\/strong> and e-learning materials for <strong>undergraduate biomedical students<\/strong>, with the intention of bridging gaps in&nbsp;the professional curriculum covering the field of <strong>clinical studies<\/strong>. The project was successfully completed in&nbsp;2021.  <\/p>\n<p>The CONSCIOUS project has developed 14 e-learning lessons covering the basic knowledge and skills important for understanding and conducting clinical trials.<\/p>\n<p>[\/et_pb_text][\/et_pb_column][\/et_pb_row][et_pb_row _builder_version=&#8221;4.27.4&#8243; _module_preset=&#8221;default&#8221; animation_style=&#8221;slide&#8221; animation_direction=&#8221;left&#8221; global_colors_info=&#8221;{}&#8221;][et_pb_column type=&#8221;4_4&#8243; _builder_version=&#8221;4.27.4&#8243; _module_preset=&#8221;default&#8221; animation_style=&#8221;slide&#8221; animation_direction=&#8221;left&#8221; global_colors_info=&#8221;{}&#8221;][et_pb_text _builder_version=&#8221;4.27.4&#8243; _module_preset=&#8221;default&#8221; header_3_text_align=&#8221;left&#8221; header_3_font_size=&#8221;30px&#8221; header_4_text_align=&#8221;center&#8221; header_3_text_align_tablet=&#8221;center&#8221; header_3_text_align_phone=&#8221;center&#8221; header_3_text_align_last_edited=&#8221;on|tablet&#8221; header_3_font_size_tablet=&#8221;24px&#8221; header_3_font_size_phone=&#8221;24px&#8221; header_3_font_size_last_edited=&#8221;on|tablet&#8221; global_colors_info=&#8221;{}&#8221;]<\/p>\n<h3>Topics of e-learning lessons:<\/h3>\n<p>[\/et_pb_text][et_pb_divider color=&#8221;#1C203A&#8221; divider_weight=&#8221;3px&#8221; _builder_version=&#8221;4.27.4&#8243; _module_preset=&#8221;default&#8221; max_width=&#8221;40px&#8221; max_width_tablet=&#8221;40px&#8221; max_width_phone=&#8221;40px&#8221; max_width_last_edited=&#8221;on|desktop&#8221; module_alignment=&#8221;left&#8221; custom_margin=&#8221;-10px||||false|false&#8221; module_alignment_tablet=&#8221;center&#8221; module_alignment_phone=&#8221;center&#8221; module_alignment_last_edited=&#8221;on|tablet&#8221; locked=&#8221;off&#8221; global_colors_info=&#8221;{}&#8221;][\/et_pb_divider][et_pb_text _builder_version=&#8221;4.27.4&#8243; _module_preset=&#8221;default&#8221; text_orientation_tablet=&#8221;&#8221; text_orientation_phone=&#8221;&#8221; text_orientation_last_edited=&#8221;on|tablet&#8221; global_colors_info=&#8221;{}&#8221;]<\/p>\n<p>&nbsp;<\/p>\n<table border=\"1\" style=\"height: 80px; width: 100%; border-collapse: collapse; border-style: none; border-color: #ffffff;\">\n<tbody>\n<tr style=\"height: 10px;\">\n<td style=\"width: 100%; height: 10px;\"><strong>1. What is a&nbsp;clinical trial?<\/strong><br \/><em>(What is a&nbsp;Clinical Trial?)<\/em><\/td>\n<\/tr>\n<tr style=\"height: 10px;\">\n<td style=\"width: 100%; height: 10px;\"><strong>2. Why are clinical trials the gold standard?<\/strong><br \/><em>(Why are clinical trials the gold standard?)<\/em><\/td>\n<\/tr>\n<tr style=\"height: 0px;\">\n<td style=\"width: 100%; height: 0px;\"><strong>3. Case Study: Tuskegee Syphilis<\/strong><br \/><em>(Case Study: Tuskegee Syphilis)<\/em><\/td>\n<\/tr>\n<tr style=\"height: 10px;\">\n<td style=\"width: 100%; height: 10px;\"><strong>4. Ethics in&nbsp;clinical trials<\/strong><br \/><em>(Ethics in&nbsp;Clinical Trials)<\/em><\/td>\n<\/tr>\n<tr style=\"height: 10px;\">\n<td style=\"width: 100%; height: 10px;\"><strong>5. What patients should know &#8211; informed consent<\/strong><br \/><em>(What patients should know &#8211; informed consent)<\/em><\/td>\n<\/tr>\n<tr style=\"height: 10px;\">\n<td style=\"width: 100%; height: 10px;\"><strong>6. Formulating the research question and defining the research objective<\/strong><br \/><em>(Equipoise; Forming a&nbsp;research question and defining the outcome)<\/em><\/td>\n<\/tr>\n<tr style=\"height: 0px;\">\n<td style=\"width: 100%; height: 0px;\"><strong>Phase 7 of the clinical trial<\/strong><br \/><em>(Clinical trial phases)<\/em><\/td>\n<\/tr>\n<tr style=\"height: 0px;\">\n<td style=\"width: 100%; height: 0px;\"><strong>8. Phase 3 study designs <\/strong><br \/><em>(Phase 3 Trial Design)<\/em><\/td>\n<\/tr>\n<tr style=\"height: 10px;\">\n<td style=\"width: 100%; height: 10px;\"><strong>9. Clinical Trial Protocol and Case Report Form<\/strong><br \/><em>(Clinical Trial Protocol &amp; Case Report Form)<\/em><\/td>\n<\/tr>\n<tr style=\"height: 0px;\">\n<td style=\"width: 100%; height: 0px;\"><strong>10. Numbers&#8230; sample size and why it is important; interpretation of results<\/strong><br \/><em>(The numbers&#8230; sample size, why it is important, interpreting the results)<\/em><\/td>\n<\/tr>\n<tr style=\"height: 0px;\">\n<td style=\"width: 100%; height: 0px;\"><strong>11. Medical devices and advanced therapies<\/strong><br \/><em>(Medical Devices and Advanced Therapies)<\/em><\/td>\n<\/tr>\n<tr style=\"height: 0px;\">\n<td style=\"width: 100%; height: 0px;\"><strong>12. Clinical Trial Management<\/strong><br \/><em>(Trial Management)<\/em><\/td>\n<\/tr>\n<tr style=\"height: 10px;\">\n<td style=\"width: 100%; height: 10px;\"><strong>13. Adverse events and reporting obligations<\/strong><br \/><em>(Adverse events and reporting responsibilities)<\/em><\/td>\n<\/tr>\n<tr style=\"height: 10px;\">\n<td style=\"width: 100%; height: 10px;\"><strong>14. Critical appraisal of a&nbsp;randomized clinical trial, or&nbsp;&#8220;How to&nbsp;read an article&#8221;<\/strong><br \/><em>(Critical appraisal of a&nbsp;randomized clinical trial &#8211; &#8220;How to&nbsp;read a&nbsp;paper&#8221;)<\/em><\/td>\n<\/tr>\n<tr>\n<td style=\"width: 100%;\"><\/td>\n<\/tr>\n<\/tbody>\n<\/table>\n<p>[\/et_pb_text][\/et_pb_column][\/et_pb_row][et_pb_row _builder_version=&#8221;4.27.4&#8243; _module_preset=&#8221;default&#8221; custom_padding=&#8221;0px||||false|false&#8221; animation_style=&#8221;slide&#8221; animation_direction=&#8221;left&#8221; global_colors_info=&#8221;{}&#8221;][et_pb_column type=&#8221;4_4&#8243; _builder_version=&#8221;4.27.4&#8243; _module_preset=&#8221;default&#8221; global_colors_info=&#8221;{}&#8221;][et_pb_button button_url=&#8221;http:\/\/conscious.novaims.unl.pt\/&#8221; url_new_window=&#8221;on&#8221; button_text=&#8221;Access to lessons*&#8221; button_alignment=&#8221;center&#8221; _builder_version=&#8221;4.27.4&#8243; _module_preset=&#8221;default&#8221; custom_button=&#8221;on&#8221; button_use_icon=&#8221;off&#8221; hover_enabled=&#8221;0&#8243; global_colors_info=&#8221;{}&#8221; sticky_enabled=&#8221;0&#8243;][\/et_pb_button][et_pb_text _builder_version=&#8221;4.27.4&#8243; _module_preset=&#8221;default&#8221; text_font=&#8221;|700|||||||&#8221; text_text_color=&#8221;#b5c2ce&#8221; text_letter_spacing=&#8221;1px&#8221; text_line_height=&#8221;1.4em&#8221; custom_padding=&#8221;15px||||false|false&#8221; global_colors_info=&#8221;{}&#8221;]<\/p>\n<p><span>* <\/span><strong data-ninja-font=\"montserrat_thin_normal_tw9ud\" class=\"\">All materials are available free of charge <\/strong> <strong data-ninja-font=\"montserrat_thin_normal_tw9ud\" class=\"\">within the learning platform. To&nbsp;access the learning platform, simply request one of the authorized persons listed on&nbsp;the project homepage to&nbsp;generate access credentials <\/strong><strong data-ninja-font=\"montserrat_thin_normal_tw9ud\" class=\"\">. The platform extends each chapter with interactive elements and practical examples for knowledge application. In&nbsp;addition to&nbsp;the e-learning materials, teacher&#8217;s manuals have been developed to&nbsp;provide support to&nbsp;lecturers who decide to&nbsp;use the e-learning materials in&nbsp;lecturer-led teaching. <\/strong><\/p>\n<p>[\/et_pb_text][\/et_pb_column][\/et_pb_row][\/et_pb_section][et_pb_section fb_built=&#8221;1&#8243; _builder_version=&#8221;4.27.4&#8243; _module_preset=&#8221;default&#8221; background_color=&#8221;#F2F8FF&#8221; custom_margin=&#8221;|150px||150px|false|true&#8221; custom_margin_tablet=&#8221;|20px||20px|false|true&#8221; custom_margin_phone=&#8221;|20px||20px|false|true&#8221; custom_margin_last_edited=&#8221;on|phone&#8221; border_radii=&#8221;on|20px|20px|20px|20px&#8221; global_colors_info=&#8221;{}&#8221;][et_pb_row _builder_version=&#8221;4.27.4&#8243; _module_preset=&#8221;default&#8221; global_colors_info=&#8221;{}&#8221;][et_pb_column type=&#8221;4_4&#8243; _builder_version=&#8221;4.27.4&#8243; _module_preset=&#8221;default&#8221; global_colors_info=&#8221;{}&#8221;][et_pb_text _builder_version=&#8221;4.27.4&#8243; _module_preset=&#8221;default&#8221; text_orientation_tablet=&#8221;center&#8221; text_orientation_phone=&#8221;center&#8221; text_orientation_last_edited=&#8221;on|tablet&#8221; global_colors_info=&#8221;{}&#8221;]<\/p>\n<p><strong>Project code:<\/strong> 2018-1-HU01-KA203-047811<\/p>\n<p><strong>Solution period:<\/strong> 1\/2019 &#8211; 8\/2021 (extended to&nbsp;10\/21)<\/p>\n<p>European Union &#8211; Erasmus+ Key Action 2: Cooperation on&nbsp;innovation and exchange of best practices; Strategic partnerships in&nbsp;education, training and youth<\/p>\n<p><strong>Faculty \/ Department of MU:<\/strong> Faculty of Medicine<\/p>\n<p><strong>Principal investigator of the project:<\/strong> doc.&nbsp;MUDr. Regina Demlov\u00e1, Ph.D.  <\/p>\n<p><strong>Cooperating organisations:<\/strong><\/p>\n<ul>\n<li>University of P\u00e9cs<\/li>\n<li>University College Cork<\/li>\n<li>Nova University Lisbon<\/li>\n<li>University of Paris<\/li>\n<\/ul>\n<p><strong>Would you like to&nbsp;know more?<\/strong>  Do&nbsp;you have an idea for use in&nbsp;teaching or&nbsp;self-study? Do&nbsp;not hesitate to&nbsp;contact us! <\/p>\n<p>PharmDr. Jitka Rychl\u00ed\u010dkov\u00e1, Ph.D. | Project manager<strong> <a href=\"mailto:rychlickova@med.muni.cz\">rychlickova@med.muni.cz<\/a><\/strong>  <\/p>\n<p>[\/et_pb_text][\/et_pb_column][\/et_pb_row][\/et_pb_section][et_pb_section fb_built=&#8221;1&#8243; custom_padding_last_edited=&#8221;on|phone&#8221; _builder_version=&#8221;4.27.4&#8243; _module_preset=&#8221;default&#8221; custom_padding=&#8221;100px||||false|false&#8221; custom_padding_tablet=&#8221;50px||||false|false&#8221; custom_padding_phone=&#8221;20px||||false|false&#8221; animation_style=&#8221;slide&#8221; animation_direction=&#8221;left&#8221; global_colors_info=&#8221;{}&#8221;][et_pb_row _builder_version=&#8221;4.27.4&#8243; _module_preset=&#8221;default&#8221; global_colors_info=&#8221;{}&#8221;][et_pb_column type=&#8221;4_4&#8243; _builder_version=&#8221;4.27.4&#8243; _module_preset=&#8221;default&#8221; global_colors_info=&#8221;{}&#8221;][et_pb_image src=&#8221;https:\/\/czecrin.cz\/wp-content\/uploads\/2025\/02\/Web-loga-kopie-e1738838322842.jpg&#8221; title_text=&#8221;Web-log-copy&#8221; _builder_version=&#8221;4.27.4&#8243; _module_preset=&#8221;default&#8221; global_colors_info=&#8221;{}&#8221;][\/et_pb_image][\/et_pb_column][\/et_pb_row][\/et_pb_section]<\/p>\n","protected":false},"excerpt":{"rendered":"<p>The Curriculum Development of Human Clinical Trials for the Next Generation Biomedical StudentsDeveloping educational materials related to&nbsp;human clinical trials for biomedical studentsThe CONSCIOUS project was developed within the ERASMUS+ programme under the leadership of the University of P\u00e9cs and in&nbsp;cooperation with Masaryk University, University College Cork (Ireland), University Nova de&nbsp;Lisboa (Portugal) and University of Paris [&hellip;]<\/p>\n","protected":false},"author":1,"featured_media":7972,"parent":0,"menu_order":0,"comment_status":"closed","ping_status":"closed","template":"","meta":{"_acf_changed":false,"_et_pb_use_builder":"on","_et_pb_old_content":"","_et_gb_content_width":"","inline_featured_image":false,"footnotes":""},"class_list":["post-8955","page","type-page","status-publish","has-post-thumbnail","hentry"],"acf":[],"yoast_head":"<!-- This site is optimized with the Yoast SEO plugin v27.2 - https:\/\/yoast.com\/product\/yoast-seo-wordpress\/ -->\n<title>CONSCIOUS &#8226; CZECRIN - \u010cesk\u00e1 n\u00e1rodn\u00ed s\u00ed\u0165 pro podporu klinick\u00e9ho v\u00fdzkumu<\/title>\n<meta name=\"robots\" content=\"index, follow, max-snippet:-1, max-image-preview:large, max-video-preview:-1\" \/>\n<link rel=\"canonical\" href=\"https:\/\/czecrin.cz\/en\/conscious\/\" \/>\n<meta property=\"og:locale\" content=\"en_US\" \/>\n<meta property=\"og:type\" content=\"article\" \/>\n<meta property=\"og:title\" content=\"CONSCIOUS &#8226; CZECRIN - \u010cesk\u00e1 n\u00e1rodn\u00ed s\u00ed\u0165 pro podporu klinick\u00e9ho v\u00fdzkumu\" \/>\n<meta property=\"og:description\" content=\"The Curriculum Development of Human Clinical Trials for the Next Generation Biomedical StudentsDeveloping educational materials related to&nbsp;human clinical trials for biomedical studentsThe CONSCIOUS project was developed within the ERASMUS+ programme under the leadership of the University of P\u00e9cs and in&nbsp;cooperation with Masaryk University, University College Cork (Ireland), University Nova de&nbsp;Lisboa (Portugal) and University of Paris [&hellip;]\" \/>\n<meta property=\"og:url\" content=\"https:\/\/czecrin.cz\/en\/conscious\/\" \/>\n<meta property=\"og:site_name\" content=\"CZECRIN - \u010cesk\u00e1 n\u00e1rodn\u00ed s\u00ed\u0165 pro podporu klinick\u00e9ho v\u00fdzkumu\" \/>\n<meta property=\"article:publisher\" content=\"https:\/\/www.facebook.com\/czecrin\" \/>\n<meta property=\"article:modified_time\" content=\"2025-05-09T13:27:37+00:00\" \/>\n<meta property=\"og:image\" content=\"https:\/\/czecrin.cz\/wp-content\/uploads\/2025\/02\/Cons.png\" \/>\n\t<meta property=\"og:image:width\" content=\"380\" \/>\n\t<meta property=\"og:image:height\" content=\"148\" \/>\n\t<meta property=\"og:image:type\" content=\"image\/png\" \/>\n<meta name=\"twitter:card\" content=\"summary_large_image\" \/>\n<meta name=\"twitter:label1\" content=\"Est. reading time\" \/>\n\t<meta name=\"twitter:data1\" content=\"7 minutes\" \/>\n<script type=\"application\/ld+json\" class=\"yoast-schema-graph\">{\"@context\":\"https:\/\/schema.org\",\"@graph\":[{\"@type\":\"WebPage\",\"@id\":\"https:\/\/czecrin.cz\/en\/conscious\/\",\"url\":\"https:\/\/czecrin.cz\/en\/conscious\/\",\"name\":\"CONSCIOUS &#8226; CZECRIN - \u010cesk\u00e1 n\u00e1rodn\u00ed s\u00ed\u0165 pro podporu klinick\u00e9ho v\u00fdzkumu\",\"isPartOf\":{\"@id\":\"https:\/\/czecrin.cz\/en\/#website\"},\"primaryImageOfPage\":{\"@id\":\"https:\/\/czecrin.cz\/en\/conscious\/#primaryimage\"},\"image\":{\"@id\":\"https:\/\/czecrin.cz\/en\/conscious\/#primaryimage\"},\"thumbnailUrl\":\"https:\/\/czecrin.cz\/wp-content\/uploads\/2025\/02\/Cons.png\",\"datePublished\":\"2025-02-06T10:37:52+00:00\",\"dateModified\":\"2025-05-09T13:27:37+00:00\",\"breadcrumb\":{\"@id\":\"https:\/\/czecrin.cz\/en\/conscious\/#breadcrumb\"},\"inLanguage\":\"en-US\",\"potentialAction\":[{\"@type\":\"ReadAction\",\"target\":[\"https:\/\/czecrin.cz\/en\/conscious\/\"]}]},{\"@type\":\"ImageObject\",\"inLanguage\":\"en-US\",\"@id\":\"https:\/\/czecrin.cz\/en\/conscious\/#primaryimage\",\"url\":\"https:\/\/czecrin.cz\/wp-content\/uploads\/2025\/02\/Cons.png\",\"contentUrl\":\"https:\/\/czecrin.cz\/wp-content\/uploads\/2025\/02\/Cons.png\",\"width\":380,\"height\":148},{\"@type\":\"BreadcrumbList\",\"@id\":\"https:\/\/czecrin.cz\/en\/conscious\/#breadcrumb\",\"itemListElement\":[{\"@type\":\"ListItem\",\"position\":1,\"name\":\"Dom\u016f\",\"item\":\"https:\/\/czecrin.cz\/en\/\"},{\"@type\":\"ListItem\",\"position\":2,\"name\":\"CONSCIOUS\"}]},{\"@type\":\"WebSite\",\"@id\":\"https:\/\/czecrin.cz\/en\/#website\",\"url\":\"https:\/\/czecrin.cz\/en\/\",\"name\":\"CZECRIN\",\"description\":\"\u010cesk\u00e1 n\u00e1rodn\u00ed s\u00ed\u0165 pro podporu klinick\u00e9ho v\u00fdzkumu\",\"publisher\":{\"@id\":\"https:\/\/czecrin.cz\/en\/#organization\"},\"alternateName\":\"\u010cesk\u00e1 n\u00e1rodn\u00ed s\u00ed\u0165 pro podporu klinick\u00e9ho v\u00fdzkumu\",\"potentialAction\":[{\"@type\":\"SearchAction\",\"target\":{\"@type\":\"EntryPoint\",\"urlTemplate\":\"https:\/\/czecrin.cz\/en\/?s={search_term_string}\"},\"query-input\":{\"@type\":\"PropertyValueSpecification\",\"valueRequired\":true,\"valueName\":\"search_term_string\"}}],\"inLanguage\":\"en-US\"},{\"@type\":\"Organization\",\"@id\":\"https:\/\/czecrin.cz\/en\/#organization\",\"name\":\"VVI CZECRIN\",\"alternateName\":\"\u010cesk\u00e1 n\u00e1rodn\u00ed s\u00ed\u0165 pro podporu klinick\u00e9ho v\u00fdzkumu\",\"url\":\"https:\/\/czecrin.cz\/en\/\",\"logo\":{\"@type\":\"ImageObject\",\"inLanguage\":\"en-US\",\"@id\":\"https:\/\/czecrin.cz\/en\/#\/schema\/logo\/image\/\",\"url\":\"https:\/\/czecrin.cz\/wp-content\/uploads\/2025\/02\/czecrin__zakladni-logo-1.png\",\"contentUrl\":\"https:\/\/czecrin.cz\/wp-content\/uploads\/2025\/02\/czecrin__zakladni-logo-1.png\",\"width\":1733,\"height\":952,\"caption\":\"VVI CZECRIN\"},\"image\":{\"@id\":\"https:\/\/czecrin.cz\/en\/#\/schema\/logo\/image\/\"},\"sameAs\":[\"https:\/\/www.facebook.com\/czecrin\",\"https:\/\/www.linkedin.com\/company\/czecrin\/\"]}]}<\/script>\n<!-- \/ Yoast SEO plugin. -->","yoast_head_json":{"title":"CONSCIOUS &#8226; CZECRIN - \u010cesk\u00e1 n\u00e1rodn\u00ed s\u00ed\u0165 pro podporu klinick\u00e9ho v\u00fdzkumu","robots":{"index":"index","follow":"follow","max-snippet":"max-snippet:-1","max-image-preview":"max-image-preview:large","max-video-preview":"max-video-preview:-1"},"canonical":"https:\/\/czecrin.cz\/en\/conscious\/","og_locale":"en_US","og_type":"article","og_title":"CONSCIOUS &#8226; CZECRIN - \u010cesk\u00e1 n\u00e1rodn\u00ed s\u00ed\u0165 pro podporu klinick\u00e9ho v\u00fdzkumu","og_description":"The Curriculum Development of Human Clinical Trials for the Next Generation Biomedical StudentsDeveloping educational materials related to&nbsp;human clinical trials for biomedical studentsThe CONSCIOUS project was developed within the ERASMUS+ programme under the leadership of the University of P\u00e9cs and in&nbsp;cooperation with Masaryk University, University College Cork (Ireland), University Nova de&nbsp;Lisboa (Portugal) and University of Paris [&hellip;]","og_url":"https:\/\/czecrin.cz\/en\/conscious\/","og_site_name":"CZECRIN - \u010cesk\u00e1 n\u00e1rodn\u00ed s\u00ed\u0165 pro podporu klinick\u00e9ho v\u00fdzkumu","article_publisher":"https:\/\/www.facebook.com\/czecrin","article_modified_time":"2025-05-09T13:27:37+00:00","og_image":[{"width":380,"height":148,"url":"https:\/\/czecrin.cz\/wp-content\/uploads\/2025\/02\/Cons.png","type":"image\/png"}],"twitter_card":"summary_large_image","twitter_misc":{"Est. reading time":"7 minutes"},"schema":{"@context":"https:\/\/schema.org","@graph":[{"@type":"WebPage","@id":"https:\/\/czecrin.cz\/en\/conscious\/","url":"https:\/\/czecrin.cz\/en\/conscious\/","name":"CONSCIOUS &#8226; CZECRIN - \u010cesk\u00e1 n\u00e1rodn\u00ed s\u00ed\u0165 pro podporu klinick\u00e9ho v\u00fdzkumu","isPartOf":{"@id":"https:\/\/czecrin.cz\/en\/#website"},"primaryImageOfPage":{"@id":"https:\/\/czecrin.cz\/en\/conscious\/#primaryimage"},"image":{"@id":"https:\/\/czecrin.cz\/en\/conscious\/#primaryimage"},"thumbnailUrl":"https:\/\/czecrin.cz\/wp-content\/uploads\/2025\/02\/Cons.png","datePublished":"2025-02-06T10:37:52+00:00","dateModified":"2025-05-09T13:27:37+00:00","breadcrumb":{"@id":"https:\/\/czecrin.cz\/en\/conscious\/#breadcrumb"},"inLanguage":"en-US","potentialAction":[{"@type":"ReadAction","target":["https:\/\/czecrin.cz\/en\/conscious\/"]}]},{"@type":"ImageObject","inLanguage":"en-US","@id":"https:\/\/czecrin.cz\/en\/conscious\/#primaryimage","url":"https:\/\/czecrin.cz\/wp-content\/uploads\/2025\/02\/Cons.png","contentUrl":"https:\/\/czecrin.cz\/wp-content\/uploads\/2025\/02\/Cons.png","width":380,"height":148},{"@type":"BreadcrumbList","@id":"https:\/\/czecrin.cz\/en\/conscious\/#breadcrumb","itemListElement":[{"@type":"ListItem","position":1,"name":"Dom\u016f","item":"https:\/\/czecrin.cz\/en\/"},{"@type":"ListItem","position":2,"name":"CONSCIOUS"}]},{"@type":"WebSite","@id":"https:\/\/czecrin.cz\/en\/#website","url":"https:\/\/czecrin.cz\/en\/","name":"CZECRIN","description":"\u010cesk\u00e1 n\u00e1rodn\u00ed s\u00ed\u0165 pro podporu klinick\u00e9ho v\u00fdzkumu","publisher":{"@id":"https:\/\/czecrin.cz\/en\/#organization"},"alternateName":"\u010cesk\u00e1 n\u00e1rodn\u00ed s\u00ed\u0165 pro podporu klinick\u00e9ho v\u00fdzkumu","potentialAction":[{"@type":"SearchAction","target":{"@type":"EntryPoint","urlTemplate":"https:\/\/czecrin.cz\/en\/?s={search_term_string}"},"query-input":{"@type":"PropertyValueSpecification","valueRequired":true,"valueName":"search_term_string"}}],"inLanguage":"en-US"},{"@type":"Organization","@id":"https:\/\/czecrin.cz\/en\/#organization","name":"VVI CZECRIN","alternateName":"\u010cesk\u00e1 n\u00e1rodn\u00ed s\u00ed\u0165 pro podporu klinick\u00e9ho v\u00fdzkumu","url":"https:\/\/czecrin.cz\/en\/","logo":{"@type":"ImageObject","inLanguage":"en-US","@id":"https:\/\/czecrin.cz\/en\/#\/schema\/logo\/image\/","url":"https:\/\/czecrin.cz\/wp-content\/uploads\/2025\/02\/czecrin__zakladni-logo-1.png","contentUrl":"https:\/\/czecrin.cz\/wp-content\/uploads\/2025\/02\/czecrin__zakladni-logo-1.png","width":1733,"height":952,"caption":"VVI CZECRIN"},"image":{"@id":"https:\/\/czecrin.cz\/en\/#\/schema\/logo\/image\/"},"sameAs":["https:\/\/www.facebook.com\/czecrin","https:\/\/www.linkedin.com\/company\/czecrin\/"]}]}},"_links":{"self":[{"href":"https:\/\/czecrin.cz\/en\/wp-json\/wp\/v2\/pages\/8955","targetHints":{"allow":["GET"]}}],"collection":[{"href":"https:\/\/czecrin.cz\/en\/wp-json\/wp\/v2\/pages"}],"about":[{"href":"https:\/\/czecrin.cz\/en\/wp-json\/wp\/v2\/types\/page"}],"author":[{"embeddable":true,"href":"https:\/\/czecrin.cz\/en\/wp-json\/wp\/v2\/users\/1"}],"replies":[{"embeddable":true,"href":"https:\/\/czecrin.cz\/en\/wp-json\/wp\/v2\/comments?post=8955"}],"version-history":[{"count":3,"href":"https:\/\/czecrin.cz\/en\/wp-json\/wp\/v2\/pages\/8955\/revisions"}],"predecessor-version":[{"id":9212,"href":"https:\/\/czecrin.cz\/en\/wp-json\/wp\/v2\/pages\/8955\/revisions\/9212"}],"wp:featuredmedia":[{"embeddable":true,"href":"https:\/\/czecrin.cz\/en\/wp-json\/wp\/v2\/media\/7972"}],"wp:attachment":[{"href":"https:\/\/czecrin.cz\/en\/wp-json\/wp\/v2\/media?parent=8955"}],"curies":[{"name":"wp","href":"https:\/\/api.w.org\/{rel}","templated":true}]}}