{"id":11327,"date":"2025-01-03T11:11:28","date_gmt":"2025-01-03T10:11:28","guid":{"rendered":"https:\/\/czecrin.cz\/about-us\/news\/"},"modified":"2026-01-06T14:28:16","modified_gmt":"2026-01-06T13:28:16","slug":"news","status":"publish","type":"page","link":"https:\/\/czecrin.cz\/en\/about-us\/news\/","title":{"rendered":"News"},"content":{"rendered":"<p>[et_pb_section fb_built=&#8221;1&#8243; custom_padding_last_edited=&#8221;on|desktop&#8221; next_background_color=&#8221;#ffffff&#8221; admin_label=&#8221;Header&#8221; _builder_version=&#8221;4.27.4&#8243; background_image=&#8221;https:\/\/czecrin.cz\/wp-content\/uploads\/2026\/01\/Univerzalni-pozadi-scaled.jpg&#8221; custom_padding=&#8221;7vw||9vw||false|false&#8221; custom_padding_tablet=&#8221;100px||100px||true&#8221; custom_padding_phone=&#8221;||||true&#8221; bottom_divider_style=&#8221;ramp2&#8243; bottom_divider_height=&#8221;250px&#8221; bottom_divider_flip=&#8221;horizontal&#8221; bottom_divider_height_tablet=&#8221;150px&#8221; bottom_divider_height_phone=&#8221;110px&#8221; bottom_divider_height_last_edited=&#8221;on|phone&#8221; hover_enabled=&#8221;0&#8243; saved_tabs=&#8221;all&#8221; global_colors_info=&#8221;{}&#8221; alt=&#8221;CZECRIN&#8221; sticky_enabled=&#8221;0&#8243;][et_pb_row _builder_version=&#8221;4.16&#8243; hover_enabled=&#8221;0&#8243; global_colors_info=&#8221;{}&#8221; sticky_enabled=&#8221;0&#8243;][et_pb_column type=&#8221;4_4&#8243; _builder_version=&#8221;4.16&#8243; custom_padding=&#8221;|||&#8221; global_colors_info=&#8221;{}&#8221; custom_padding__hover=&#8221;|||&#8221;][et_pb_text _builder_version=&#8221;4.16&#8243; text_font=&#8221;Roboto||||||||&#8221; text_font_size=&#8221;16px&#8221; text_line_height=&#8221;1.8em&#8221; header_font=&#8221;Roboto|700|||||||&#8221; header_text_align=&#8221;center&#8221; header_font_size=&#8221;80px&#8221; header_line_height=&#8221;1.2em&#8221; header_3_font=&#8221;Roboto|700||on|||||&#8221; header_3_text_align=&#8221;center&#8221; header_3_text_color=&#8221;#ffffff&#8221; header_3_font_size=&#8221;24px&#8221; header_3_letter_spacing=&#8221;10px&#8221; header_3_line_height=&#8221;2em&#8221; text_orientation=&#8221;center&#8221; background_layout=&#8221;dark&#8221; module_alignment=&#8221;center&#8221; text_font_size_last_edited=&#8221;off|desktop&#8221; header_font_size_tablet=&#8221;40px&#8221; header_font_size_phone=&#8221;32px&#8221; header_font_size_last_edited=&#8221;on|phone&#8221; header_3_font_size_tablet=&#8221;16px&#8221; header_3_font_size_phone=&#8221;14px&#8221; header_3_font_size_last_edited=&#8221;on|phone&#8221; header_3_letter_spacing_tablet=&#8221;5px&#8221; header_3_letter_spacing_phone=&#8221;&#8221; header_3_letter_spacing_last_edited=&#8221;on|tablet&#8221; global_colors_info=&#8221;{}&#8221;]<\/p>\n<h3>still hot<\/h3>\n<h1>News<\/h1>\n<p>&nbsp;<\/p>\n<p>[\/et_pb_text][et_pb_text _builder_version=&#8221;4.27.4&#8243; text_font=&#8221;||||||||&#8221; text_font_size=&#8221;20px&#8221; ul_font=&#8221;||||||||&#8221; header_font=&#8221;Roboto|700|||||||&#8221; header_text_align=&#8221;center&#8221; header_font_size=&#8221;80px&#8221; header_line_height=&#8221;1.2em&#8221; header_3_font=&#8221;Roboto|700||on|||||&#8221; header_3_text_align=&#8221;center&#8221; header_3_text_color=&#8221;#ffffff&#8221; header_3_font_size=&#8221;24px&#8221; header_3_letter_spacing=&#8221;10px&#8221; header_3_line_height=&#8221;2em&#8221; text_orientation=&#8221;center&#8221; background_layout=&#8221;dark&#8221; max_width=&#8221;853px&#8221; module_alignment=&#8221;center&#8221; min_height=&#8221;74px&#8221; custom_margin=&#8221;8px|31px|55px|||&#8221; hover_enabled=&#8221;0&#8243; text_font_size_last_edited=&#8221;off|desktop&#8221; header_font_size_tablet=&#8221;40px&#8221; header_font_size_phone=&#8221;32px&#8221; header_font_size_last_edited=&#8221;on|phone&#8221; header_3_font_size_tablet=&#8221;16px&#8221; header_3_font_size_phone=&#8221;14px&#8221; header_3_font_size_last_edited=&#8221;on|phone&#8221; header_3_letter_spacing_tablet=&#8221;5px&#8221; header_3_letter_spacing_phone=&#8221;&#8221; header_3_letter_spacing_last_edited=&#8221;on|tablet&#8221; global_colors_info=&#8221;{}&#8221; sticky_enabled=&#8221;0&#8243;]<\/p>\n<p>or what all has happened in the last two years can be found on the following page.<\/p>\n<p>[\/et_pb_text][et_pb_button button_url=&#8221;#archiv_novinky&#8221; button_text=&#8221;Look in the archives instead&#8221; _builder_version=&#8221;4.27.4&#8243; _module_preset=&#8221;a35ad2ce-7b5d-4e13-8f49-86cb6a47ddbd&#8221; custom_margin=&#8221;-41px|||||&#8221; button_letter_spacing_hover=&#8221;5.5px&#8221; global_colors_info=&#8221;{}&#8221; button_one_text_size__hover_enabled=&#8221;off&#8221; button_two_text_size__hover_enabled=&#8221;off&#8221; button_one_text_color__hover_enabled=&#8221;off&#8221; button_two_text_color__hover_enabled=&#8221;off&#8221; button_one_border_width__hover_enabled=&#8221;off&#8221; button_two_border_width__hover_enabled=&#8221;off&#8221; button_one_border_color__hover_enabled=&#8221;off&#8221; button_two_border_color__hover_enabled=&#8221;off&#8221; button_one_border_radius__hover_enabled=&#8221;off&#8221; button_two_border_radius__hover_enabled=&#8221;off&#8221; button_one_letter_spacing__hover_enabled=&#8221;off&#8221; button_two_letter_spacing__hover_enabled=&#8221;off&#8221; button_one_bg_color__hover_enabled=&#8221;off&#8221; button_two_bg_color__hover_enabled=&#8221;off&#8221;][\/et_pb_button][\/et_pb_column][\/et_pb_row][\/et_pb_section][et_pb_section fb_built=&#8221;1&#8243; _builder_version=&#8221;4.27.4&#8243; _module_preset=&#8221;default&#8221; global_colors_info=&#8221;{}&#8221;][et_pb_row _builder_version=&#8221;4.27.4&#8243; _module_preset=&#8221;default&#8221; global_colors_info=&#8221;{}&#8221;][et_pb_column type=&#8221;4_4&#8243; _builder_version=&#8221;4.27.4&#8243; _module_preset=&#8221;default&#8221; global_colors_info=&#8221;{}&#8221;][et_pb_blog include_categories=&#8221;127,128&#8243; meta_date=&#8221;j. n. Y&#8221; excerpt_length=&#8221;150&#8243; show_more=&#8221;on&#8221; module_id=&#8221;novinky&#8221; module_class=&#8221;dt-blog&#8221; _builder_version=&#8221;4.27.4&#8243; _module_preset=&#8221;default&#8221; header_level=&#8221;h6&#8243; header_font_size=&#8221;16px&#8221; meta_font=&#8221;|300|on||||||&#8221; meta_text_color=&#8221;#d1d1d1&#8243; read_more_font=&#8221;&#8211;et_global_body_font||on||||||&#8221; read_more_text_color=&#8221;#10275D&#8221; read_more_font_size=&#8221;15px&#8221; read_more_letter_spacing=&#8221;1px&#8221; background_color=&#8221;RGBA(255,255,255,0)&#8221; animation_direction=&#8221;right&#8221; header_font_size_tablet=&#8221;16px&#8221; header_font_size_phone=&#8221;16px&#8221; header_font_size_last_edited=&#8221;on|desktop&#8221; box_shadow_style_image=&#8221;none&#8221; global_colors_info=&#8221;{}&#8221; background__hover_enabled=&#8221;off|hover&#8221; background_enable_color__hover=&#8221;off&#8221;][\/et_pb_blog][\/et_pb_column][\/et_pb_row][\/et_pb_section][et_pb_section fb_built=&#8221;1&#8243; fullwidth=&#8221;on&#8221; _builder_version=&#8221;4.27.4&#8243; _module_preset=&#8221;default&#8221; global_colors_info=&#8221;{}&#8221;][et_pb_fullwidth_post_slider include_categories=&#8221;17&#8243; more_text=&#8221;Read more&#8221; use_manual_excerpt=&#8221;off&#8221; image_placement=&#8221;left&#8221; _builder_version=&#8221;4.27.4&#8243; _module_preset=&#8221;default&#8221; header_font_size=&#8221;23px&#8221; meta_font=&#8221;||on||||||&#8221; meta_text_align=&#8221;left&#8221; meta_text_color=&#8221;rgba(255,255,255,0.32)&#8221; meta_letter_spacing=&#8221;0px&#8221; background_color=&#8221;#54a2e3&#8243; custom_button=&#8221;on&#8221; button_text_color=&#8221;#10275D&#8221; button_bg_color=&#8221;#FFFFFF&#8221; button_border_width=&#8221;0px&#8221; button_alignment=&#8221;right&#8221; box_shadow_style_button=&#8221;preset1&#8243; global_colors_info=&#8221;{}&#8221;][\/et_pb_fullwidth_post_slider][\/et_pb_section][et_pb_section fb_built=&#8221;1&#8243; module_id=&#8221;archiv_novinky&#8221; _builder_version=&#8221;4.27.4&#8243; _module_preset=&#8221;default&#8221; global_colors_info=&#8221;{}&#8221;][et_pb_row column_structure=&#8221;1_3,1_3,1_3&#8243; _builder_version=&#8221;4.27.4&#8243; _module_preset=&#8221;default&#8221; global_colors_info=&#8221;{}&#8221;][et_pb_column type=&#8221;1_3&#8243; _builder_version=&#8221;4.27.4&#8243; _module_preset=&#8221;default&#8221; global_colors_info=&#8221;{}&#8221;][et_pb_heading title=&#8221;Archive 2023&#8243; _builder_version=&#8221;4.27.4&#8243; _module_preset=&#8221;default&#8221; global_colors_info=&#8221;{}&#8221;][\/et_pb_heading][et_pb_blog fullwidth=&#8221;off&#8221; posts_number=&#8221;4&#8243; include_categories=&#8221;129&#8243; show_thumbnail=&#8221;off&#8221; use_manual_excerpt=&#8221;off&#8221; excerpt_length=&#8221;30&#8243; show_excerpt=&#8221;off&#8221; _builder_version=&#8221;4.27.4&#8243; _module_preset=&#8221;default&#8221; header_font_size=&#8221;14px&#8221; global_colors_info=&#8221;{}&#8221;][\/et_pb_blog][\/et_pb_column][et_pb_column type=&#8221;1_3&#8243; _builder_version=&#8221;4.27.4&#8243; _module_preset=&#8221;default&#8221; global_colors_info=&#8221;{}&#8221;][et_pb_heading title=&#8221;Archive 2022&#8243; _builder_version=&#8221;4.27.4&#8243; _module_preset=&#8221;default&#8221; global_colors_info=&#8221;{}&#8221;][\/et_pb_heading][et_pb_blog fullwidth=&#8221;off&#8221; posts_number=&#8221;4&#8243; include_categories=&#8221;130&#8243; show_thumbnail=&#8221;off&#8221; use_manual_excerpt=&#8221;off&#8221; excerpt_length=&#8221;30&#8243; show_excerpt=&#8221;off&#8221; _builder_version=&#8221;4.27.4&#8243; _module_preset=&#8221;default&#8221; header_font_size=&#8221;14px&#8221; global_colors_info=&#8221;{}&#8221;][\/et_pb_blog][\/et_pb_column][et_pb_column type=&#8221;1_3&#8243; _builder_version=&#8221;4.27.4&#8243; _module_preset=&#8221;default&#8221; global_colors_info=&#8221;{}&#8221;][et_pb_heading title=&#8221;Archive 2021&#8243; _builder_version=&#8221;4.27.4&#8243; _module_preset=&#8221;default&#8221; global_colors_info=&#8221;{}&#8221;][\/et_pb_heading][et_pb_blog fullwidth=&#8221;off&#8221; posts_number=&#8221;4&#8243; include_categories=&#8221;131&#8243; show_thumbnail=&#8221;off&#8221; use_manual_excerpt=&#8221;off&#8221; excerpt_length=&#8221;30&#8243; show_excerpt=&#8221;off&#8221; _builder_version=&#8221;4.27.4&#8243; _module_preset=&#8221;default&#8221; header_font_size=&#8221;14px&#8221; global_colors_info=&#8221;{}&#8221;][\/et_pb_blog][\/et_pb_column][\/et_pb_row][et_pb_row column_structure=&#8221;1_3,1_3,1_3&#8243; _builder_version=&#8221;4.27.4&#8243; _module_preset=&#8221;default&#8221; global_colors_info=&#8221;{}&#8221;][et_pb_column type=&#8221;1_3&#8243; _builder_version=&#8221;4.27.4&#8243; _module_preset=&#8221;default&#8221; global_colors_info=&#8221;{}&#8221;][et_pb_heading title=&#8221;Archive 2020&#8243; _builder_version=&#8221;4.27.4&#8243; _module_preset=&#8221;default&#8221; global_colors_info=&#8221;{}&#8221;][\/et_pb_heading][et_pb_blog fullwidth=&#8221;off&#8221; posts_number=&#8221;4&#8243; include_categories=&#8221;132&#8243; show_thumbnail=&#8221;off&#8221; use_manual_excerpt=&#8221;off&#8221; excerpt_length=&#8221;30&#8243; show_excerpt=&#8221;off&#8221; _builder_version=&#8221;4.27.4&#8243; _module_preset=&#8221;default&#8221; header_font_size=&#8221;14px&#8221; global_colors_info=&#8221;{}&#8221;][\/et_pb_blog][\/et_pb_column][et_pb_column type=&#8221;1_3&#8243; _builder_version=&#8221;4.27.4&#8243; _module_preset=&#8221;default&#8221; global_colors_info=&#8221;{}&#8221;][et_pb_heading title=&#8221;Archive 2018&#8243; _builder_version=&#8221;4.27.4&#8243; _module_preset=&#8221;default&#8221; global_colors_info=&#8221;{}&#8221;][\/et_pb_heading][et_pb_blog fullwidth=&#8221;off&#8221; posts_number=&#8221;4&#8243; include_categories=&#8221;134&#8243; show_thumbnail=&#8221;off&#8221; use_manual_excerpt=&#8221;off&#8221; excerpt_length=&#8221;30&#8243; show_excerpt=&#8221;off&#8221; _builder_version=&#8221;4.27.4&#8243; _module_preset=&#8221;default&#8221; header_font_size=&#8221;14px&#8221; global_colors_info=&#8221;{}&#8221;][\/et_pb_blog][\/et_pb_column][et_pb_column type=&#8221;1_3&#8243; _builder_version=&#8221;4.27.4&#8243; _module_preset=&#8221;default&#8221; global_colors_info=&#8221;{}&#8221;][\/et_pb_column][\/et_pb_row][\/et_pb_section][et_pb_section fb_built=&#8221;1&#8243; _builder_version=&#8221;4.27.4&#8243; _module_preset=&#8221;default&#8221; global_colors_info=&#8221;{}&#8221;][et_pb_row _builder_version=&#8221;4.27.4&#8243; _module_preset=&#8221;default&#8221; global_colors_info=&#8221;{}&#8221;][et_pb_column type=&#8221;4_4&#8243; _builder_version=&#8221;4.27.4&#8243; _module_preset=&#8221;default&#8221; global_colors_info=&#8221;{}&#8221;][et_pb_social_media_follow _builder_version=&#8221;4.27.4&#8243; text_orientation=&#8221;center&#8221; border_radii=&#8221;on|34px|34px|34px|34px&#8221; global_colors_info=&#8221;{}&#8221;][et_pb_social_media_follow_network social_network=&#8221;facebook&#8221; url=&#8221;https:\/\/www.facebook.com\/czecrin&#8221; _builder_version=&#8221;4.27.4&#8243; background_color=&#8221;#fcb6ab&#8221; global_colors_info=&#8221;{}&#8221; follow_button=&#8221;off&#8221; url_new_window=&#8221;on&#8221;]facebook[\/et_pb_social_media_follow_network][et_pb_social_media_follow_network social_network=&#8221;linkedin&#8221; url=&#8221;https:\/\/www.linkedin.com\/company\/10909246&#8243; _builder_version=&#8221;4.27.4&#8243; background_color=&#8221;#fcb6ab&#8221; global_colors_info=&#8221;{}&#8221; follow_button=&#8221;off&#8221; url_new_window=&#8221;on&#8221;]linkedin[\/et_pb_social_media_follow_network][et_pb_social_media_follow_network social_network=&#8221;instagram&#8221; url=&#8221;https:\/\/www.instagram.com\/muni_creatic\/&#8221; _builder_version=&#8221;4.27.4&#8243; background_color=&#8221;#fcb6ab&#8221; global_colors_info=&#8221;{}&#8221; follow_button=&#8221;off&#8221; url_new_window=&#8221;on&#8221;]instagram[\/et_pb_social_media_follow_network][et_pb_social_media_follow_network social_network=&#8221;youtube&#8221; url=&#8221;https:\/\/www.youtube.com\/channel\/UCkqM-ku5nZ09YxGGpoX-gHg&#8221; _builder_version=&#8221;4.27.4&#8243; background_color=&#8221;#fcb6ab&#8221; global_colors_info=&#8221;{}&#8221; follow_button=&#8221;off&#8221; url_new_window=&#8221;on&#8221;]youtube[\/et_pb_social_media_follow_network][\/et_pb_social_media_follow][\/et_pb_column][\/et_pb_row][\/et_pb_section]<\/p>\n","protected":false},"excerpt":{"rendered":"<p>still hot News &nbsp;or what all has happened in the last two years can be found on the following page.<\/p>\n","protected":false},"author":5,"featured_media":0,"parent":8988,"menu_order":0,"comment_status":"closed","ping_status":"closed","template":"","meta":{"_acf_changed":false,"_et_pb_use_builder":"on","_et_pb_old_content":"","_et_gb_content_width":"","inline_featured_image":false,"footnotes":""},"class_list":["post-11327","page","type-page","status-publish","hentry"],"acf":[],"yoast_head":"<!-- This site is optimized with the Yoast SEO plugin v27.2 - https:\/\/yoast.com\/product\/yoast-seo-wordpress\/ -->\n<title>News &#8226; CZECRIN - \u010cesk\u00e1 n\u00e1rodn\u00ed s\u00ed\u0165 pro podporu klinick\u00e9ho v\u00fdzkumu<\/title>\n<meta name=\"robots\" content=\"index, follow, max-snippet:-1, max-image-preview:large, max-video-preview:-1\" \/>\n<link rel=\"canonical\" href=\"https:\/\/czecrin.cz\/en\/about-us\/news\/\" \/>\n<meta property=\"og:locale\" content=\"en_US\" \/>\n<meta property=\"og:type\" content=\"article\" \/>\n<meta property=\"og:title\" content=\"News &#8226; CZECRIN - \u010cesk\u00e1 n\u00e1rodn\u00ed s\u00ed\u0165 pro podporu klinick\u00e9ho v\u00fdzkumu\" \/>\n<meta property=\"og:description\" content=\"still hot News &nbsp;or what all has happened in the last two years can be found on the following page.\" \/>\n<meta property=\"og:url\" content=\"https:\/\/czecrin.cz\/en\/about-us\/news\/\" \/>\n<meta property=\"og:site_name\" content=\"CZECRIN - \u010cesk\u00e1 n\u00e1rodn\u00ed s\u00ed\u0165 pro podporu klinick\u00e9ho v\u00fdzkumu\" \/>\n<meta property=\"article:publisher\" content=\"https:\/\/www.facebook.com\/czecrin\" \/>\n<meta property=\"article:modified_time\" content=\"2026-01-06T13:28:16+00:00\" \/>\n<meta property=\"og:image\" content=\"https:\/\/czecrin.cz\/wp-content\/uploads\/2025\/02\/czecrin__zakladni-logo-1.png\" \/>\n\t<meta property=\"og:image:width\" content=\"1733\" \/>\n\t<meta property=\"og:image:height\" content=\"952\" \/>\n\t<meta property=\"og:image:type\" content=\"image\/png\" \/>\n<meta name=\"twitter:card\" content=\"summary_large_image\" \/>\n<meta name=\"twitter:label1\" content=\"Est. reading time\" \/>\n\t<meta name=\"twitter:data1\" content=\"7 minutes\" \/>\n<script type=\"application\/ld+json\" class=\"yoast-schema-graph\">{\"@context\":\"https:\/\/schema.org\",\"@graph\":[{\"@type\":\"WebPage\",\"@id\":\"https:\/\/czecrin.cz\/en\/about-us\/news\/\",\"url\":\"https:\/\/czecrin.cz\/en\/about-us\/news\/\",\"name\":\"News &#8226; CZECRIN - \u010cesk\u00e1 n\u00e1rodn\u00ed s\u00ed\u0165 pro podporu klinick\u00e9ho v\u00fdzkumu\",\"isPartOf\":{\"@id\":\"https:\/\/czecrin.cz\/en\/#website\"},\"datePublished\":\"2025-01-03T10:11:28+00:00\",\"dateModified\":\"2026-01-06T13:28:16+00:00\",\"breadcrumb\":{\"@id\":\"https:\/\/czecrin.cz\/en\/about-us\/news\/#breadcrumb\"},\"inLanguage\":\"en-US\",\"potentialAction\":[{\"@type\":\"ReadAction\",\"target\":[\"https:\/\/czecrin.cz\/en\/about-us\/news\/\"]}]},{\"@type\":\"BreadcrumbList\",\"@id\":\"https:\/\/czecrin.cz\/en\/about-us\/news\/#breadcrumb\",\"itemListElement\":[{\"@type\":\"ListItem\",\"position\":1,\"name\":\"Dom\u016f\",\"item\":\"https:\/\/czecrin.cz\/en\/\"},{\"@type\":\"ListItem\",\"position\":2,\"name\":\"About us\",\"item\":\"https:\/\/czecrin.cz\/en\/o-nas\/\"},{\"@type\":\"ListItem\",\"position\":3,\"name\":\"News\"}]},{\"@type\":\"WebSite\",\"@id\":\"https:\/\/czecrin.cz\/en\/#website\",\"url\":\"https:\/\/czecrin.cz\/en\/\",\"name\":\"CZECRIN\",\"description\":\"\u010cesk\u00e1 n\u00e1rodn\u00ed s\u00ed\u0165 pro podporu klinick\u00e9ho v\u00fdzkumu\",\"publisher\":{\"@id\":\"https:\/\/czecrin.cz\/en\/#organization\"},\"alternateName\":\"\u010cesk\u00e1 n\u00e1rodn\u00ed s\u00ed\u0165 pro podporu klinick\u00e9ho v\u00fdzkumu\",\"potentialAction\":[{\"@type\":\"SearchAction\",\"target\":{\"@type\":\"EntryPoint\",\"urlTemplate\":\"https:\/\/czecrin.cz\/en\/?s={search_term_string}\"},\"query-input\":{\"@type\":\"PropertyValueSpecification\",\"valueRequired\":true,\"valueName\":\"search_term_string\"}}],\"inLanguage\":\"en-US\"},{\"@type\":\"Organization\",\"@id\":\"https:\/\/czecrin.cz\/en\/#organization\",\"name\":\"VVI CZECRIN\",\"alternateName\":\"\u010cesk\u00e1 n\u00e1rodn\u00ed s\u00ed\u0165 pro podporu klinick\u00e9ho v\u00fdzkumu\",\"url\":\"https:\/\/czecrin.cz\/en\/\",\"logo\":{\"@type\":\"ImageObject\",\"inLanguage\":\"en-US\",\"@id\":\"https:\/\/czecrin.cz\/en\/#\/schema\/logo\/image\/\",\"url\":\"https:\/\/czecrin.cz\/wp-content\/uploads\/2025\/02\/czecrin__zakladni-logo-1.png\",\"contentUrl\":\"https:\/\/czecrin.cz\/wp-content\/uploads\/2025\/02\/czecrin__zakladni-logo-1.png\",\"width\":1733,\"height\":952,\"caption\":\"VVI CZECRIN\"},\"image\":{\"@id\":\"https:\/\/czecrin.cz\/en\/#\/schema\/logo\/image\/\"},\"sameAs\":[\"https:\/\/www.facebook.com\/czecrin\",\"https:\/\/www.linkedin.com\/company\/czecrin\/\"]}]}<\/script>\n<!-- \/ Yoast SEO plugin. -->","yoast_head_json":{"title":"News &#8226; CZECRIN - \u010cesk\u00e1 n\u00e1rodn\u00ed s\u00ed\u0165 pro podporu klinick\u00e9ho v\u00fdzkumu","robots":{"index":"index","follow":"follow","max-snippet":"max-snippet:-1","max-image-preview":"max-image-preview:large","max-video-preview":"max-video-preview:-1"},"canonical":"https:\/\/czecrin.cz\/en\/about-us\/news\/","og_locale":"en_US","og_type":"article","og_title":"News &#8226; CZECRIN - \u010cesk\u00e1 n\u00e1rodn\u00ed s\u00ed\u0165 pro podporu klinick\u00e9ho v\u00fdzkumu","og_description":"still hot News &nbsp;or what all has happened in the last two years can be found on the following page.","og_url":"https:\/\/czecrin.cz\/en\/about-us\/news\/","og_site_name":"CZECRIN - \u010cesk\u00e1 n\u00e1rodn\u00ed s\u00ed\u0165 pro podporu klinick\u00e9ho v\u00fdzkumu","article_publisher":"https:\/\/www.facebook.com\/czecrin","article_modified_time":"2026-01-06T13:28:16+00:00","og_image":[{"width":1733,"height":952,"url":"https:\/\/czecrin.cz\/wp-content\/uploads\/2025\/02\/czecrin__zakladni-logo-1.png","type":"image\/png"}],"twitter_card":"summary_large_image","twitter_misc":{"Est. reading time":"7 minutes"},"schema":{"@context":"https:\/\/schema.org","@graph":[{"@type":"WebPage","@id":"https:\/\/czecrin.cz\/en\/about-us\/news\/","url":"https:\/\/czecrin.cz\/en\/about-us\/news\/","name":"News &#8226; CZECRIN - \u010cesk\u00e1 n\u00e1rodn\u00ed s\u00ed\u0165 pro podporu klinick\u00e9ho v\u00fdzkumu","isPartOf":{"@id":"https:\/\/czecrin.cz\/en\/#website"},"datePublished":"2025-01-03T10:11:28+00:00","dateModified":"2026-01-06T13:28:16+00:00","breadcrumb":{"@id":"https:\/\/czecrin.cz\/en\/about-us\/news\/#breadcrumb"},"inLanguage":"en-US","potentialAction":[{"@type":"ReadAction","target":["https:\/\/czecrin.cz\/en\/about-us\/news\/"]}]},{"@type":"BreadcrumbList","@id":"https:\/\/czecrin.cz\/en\/about-us\/news\/#breadcrumb","itemListElement":[{"@type":"ListItem","position":1,"name":"Dom\u016f","item":"https:\/\/czecrin.cz\/en\/"},{"@type":"ListItem","position":2,"name":"About us","item":"https:\/\/czecrin.cz\/en\/o-nas\/"},{"@type":"ListItem","position":3,"name":"News"}]},{"@type":"WebSite","@id":"https:\/\/czecrin.cz\/en\/#website","url":"https:\/\/czecrin.cz\/en\/","name":"CZECRIN","description":"\u010cesk\u00e1 n\u00e1rodn\u00ed s\u00ed\u0165 pro podporu klinick\u00e9ho v\u00fdzkumu","publisher":{"@id":"https:\/\/czecrin.cz\/en\/#organization"},"alternateName":"\u010cesk\u00e1 n\u00e1rodn\u00ed s\u00ed\u0165 pro podporu klinick\u00e9ho v\u00fdzkumu","potentialAction":[{"@type":"SearchAction","target":{"@type":"EntryPoint","urlTemplate":"https:\/\/czecrin.cz\/en\/?s={search_term_string}"},"query-input":{"@type":"PropertyValueSpecification","valueRequired":true,"valueName":"search_term_string"}}],"inLanguage":"en-US"},{"@type":"Organization","@id":"https:\/\/czecrin.cz\/en\/#organization","name":"VVI CZECRIN","alternateName":"\u010cesk\u00e1 n\u00e1rodn\u00ed s\u00ed\u0165 pro podporu klinick\u00e9ho v\u00fdzkumu","url":"https:\/\/czecrin.cz\/en\/","logo":{"@type":"ImageObject","inLanguage":"en-US","@id":"https:\/\/czecrin.cz\/en\/#\/schema\/logo\/image\/","url":"https:\/\/czecrin.cz\/wp-content\/uploads\/2025\/02\/czecrin__zakladni-logo-1.png","contentUrl":"https:\/\/czecrin.cz\/wp-content\/uploads\/2025\/02\/czecrin__zakladni-logo-1.png","width":1733,"height":952,"caption":"VVI CZECRIN"},"image":{"@id":"https:\/\/czecrin.cz\/en\/#\/schema\/logo\/image\/"},"sameAs":["https:\/\/www.facebook.com\/czecrin","https:\/\/www.linkedin.com\/company\/czecrin\/"]}]}},"_links":{"self":[{"href":"https:\/\/czecrin.cz\/en\/wp-json\/wp\/v2\/pages\/11327","targetHints":{"allow":["GET"]}}],"collection":[{"href":"https:\/\/czecrin.cz\/en\/wp-json\/wp\/v2\/pages"}],"about":[{"href":"https:\/\/czecrin.cz\/en\/wp-json\/wp\/v2\/types\/page"}],"author":[{"embeddable":true,"href":"https:\/\/czecrin.cz\/en\/wp-json\/wp\/v2\/users\/5"}],"replies":[{"embeddable":true,"href":"https:\/\/czecrin.cz\/en\/wp-json\/wp\/v2\/comments?post=11327"}],"version-history":[{"count":4,"href":"https:\/\/czecrin.cz\/en\/wp-json\/wp\/v2\/pages\/11327\/revisions"}],"predecessor-version":[{"id":11513,"href":"https:\/\/czecrin.cz\/en\/wp-json\/wp\/v2\/pages\/11327\/revisions\/11513"}],"up":[{"embeddable":true,"href":"https:\/\/czecrin.cz\/en\/wp-json\/wp\/v2\/pages\/8988"}],"wp:attachment":[{"href":"https:\/\/czecrin.cz\/en\/wp-json\/wp\/v2\/media?parent=11327"}],"curies":[{"name":"wp","href":"https:\/\/api.w.org\/{rel}","templated":true}]}}