{"id":11301,"date":"2025-12-22T19:28:51","date_gmt":"2025-12-22T18:28:51","guid":{"rendered":"https:\/\/czecrin.cz\/data-science-unit\/"},"modified":"2026-01-06T10:47:23","modified_gmt":"2026-01-06T09:47:23","slug":"data-science-unit","status":"publish","type":"page","link":"https:\/\/czecrin.cz\/en\/data-science-unit\/","title":{"rendered":"Data-Science Unit"},"content":{"rendered":"<p>[et_pb_section fb_built=&#8221;1&#8243; custom_padding_last_edited=&#8221;on|desktop&#8221; next_background_color=&#8221;#ffffff&#8221; admin_label=&#8221;Header&#8221; _builder_version=&#8221;4.27.4&#8243; background_image=&#8221;https:\/\/czecrin.cz\/wp-content\/uploads\/2025\/08\/CZECRIN.jpg&#8221; custom_padding=&#8221;7vw||10vw||false|false&#8221; custom_padding_tablet=&#8221;100px||100px||true&#8221; custom_padding_phone=&#8221;||||true&#8221; bottom_divider_style=&#8221;ramp2&#8243; bottom_divider_height=&#8221;250px&#8221; bottom_divider_flip=&#8221;horizontal&#8221; bottom_divider_height_tablet=&#8221;150px&#8221; bottom_divider_height_phone=&#8221;110px&#8221; bottom_divider_height_last_edited=&#8221;on|phone&#8221; saved_tabs=&#8221;all&#8221; global_colors_info=&#8221;{}&#8221;][et_pb_row _builder_version=&#8221;4.16&#8243; global_colors_info=&#8221;{}&#8221;][et_pb_column type=&#8221;4_4&#8243; _builder_version=&#8221;4.16&#8243; custom_padding=&#8221;|||&#8221; global_colors_info=&#8221;{}&#8221; custom_padding__hover=&#8221;|||&#8221;][et_pb_text _builder_version=&#8221;4.16&#8243; text_font=&#8221;Roboto||||||||&#8221; text_font_size=&#8221;16px&#8221; text_line_height=&#8221;1.8em&#8221; header_font=&#8221;Roboto|700|||||||&#8221; header_text_align=&#8221;center&#8221; header_font_size=&#8221;80px&#8221; header_line_height=&#8221;1.2em&#8221; header_3_font=&#8221;Roboto|700||on|||||&#8221; header_3_text_align=&#8221;center&#8221; header_3_text_color=&#8221;#ffffff&#8221; header_3_font_size=&#8221;24px&#8221; header_3_letter_spacing=&#8221;10px&#8221; header_3_line_height=&#8221;2em&#8221; text_orientation=&#8221;center&#8221; background_layout=&#8221;dark&#8221; module_alignment=&#8221;center&#8221; text_font_size_last_edited=&#8221;off|desktop&#8221; header_font_size_tablet=&#8221;40px&#8221; header_font_size_phone=&#8221;32px&#8221; header_font_size_last_edited=&#8221;on|phone&#8221; header_3_font_size_tablet=&#8221;16px&#8221; header_3_font_size_phone=&#8221;14px&#8221; header_3_font_size_last_edited=&#8221;on|phone&#8221; header_3_letter_spacing_tablet=&#8221;5px&#8221; header_3_letter_spacing_phone=&#8221;&#8221; header_3_letter_spacing_last_edited=&#8221;on|tablet&#8221; global_colors_info=&#8221;{}&#8221;]<\/p>\n<h3>expertise and services<\/h3>\n<h1>Data Science unit<\/h1>\n<p>&nbsp;<\/p>\n<p>[\/et_pb_text][et_pb_text _builder_version=&#8221;4.27.4&#8243; text_font=&#8221;||||||||&#8221; text_font_size=&#8221;20px&#8221; ul_font=&#8221;||||||||&#8221; header_font=&#8221;Roboto|700|||||||&#8221; header_text_align=&#8221;center&#8221; header_font_size=&#8221;80px&#8221; header_line_height=&#8221;1.2em&#8221; header_3_font=&#8221;Roboto|700||on|||||&#8221; header_3_text_align=&#8221;center&#8221; header_3_text_color=&#8221;#ffffff&#8221; header_3_font_size=&#8221;24px&#8221; header_3_letter_spacing=&#8221;10px&#8221; header_3_line_height=&#8221;2em&#8221; text_orientation=&#8221;center&#8221; background_layout=&#8221;dark&#8221; max_width=&#8221;800px&#8221; module_alignment=&#8221;center&#8221; custom_margin=&#8221;||55px|||&#8221; text_font_size_last_edited=&#8221;off|desktop&#8221; header_font_size_tablet=&#8221;40px&#8221; header_font_size_phone=&#8221;32px&#8221; header_font_size_last_edited=&#8221;on|phone&#8221; header_3_font_size_tablet=&#8221;16px&#8221; header_3_font_size_phone=&#8221;14px&#8221; header_3_font_size_last_edited=&#8221;on|phone&#8221; header_3_letter_spacing_tablet=&#8221;5px&#8221; header_3_letter_spacing_phone=&#8221;&#8221; header_3_letter_spacing_last_edited=&#8221;on|tablet&#8221; global_colors_info=&#8221;{}&#8221;]<\/p>\n<p>It strengthens national capacity in bioinformatics, machine learning and real-world data exploitation and ensures quality research data management in line with FAIR principles and GDPR requirements.<\/p>\n<p>[\/et_pb_text][et_pb_button button_url=&#8221;#cinnosti_DSU&#8221; button_text=&#8221;Area of activity&#8221; _builder_version=&#8221;4.27.4&#8243; _module_preset=&#8221;a35ad2ce-7b5d-4e13-8f49-86cb6a47ddbd&#8221; button_letter_spacing_hover=&#8221;5.5px&#8221; global_colors_info=&#8221;{}&#8221; button_one_text_size__hover_enabled=&#8221;off&#8221; button_two_text_size__hover_enabled=&#8221;off&#8221; button_one_text_color__hover_enabled=&#8221;off&#8221; button_two_text_color__hover_enabled=&#8221;off&#8221; button_one_border_width__hover_enabled=&#8221;off&#8221; button_two_border_width__hover_enabled=&#8221;off&#8221; button_one_border_color__hover_enabled=&#8221;off&#8221; button_two_border_color__hover_enabled=&#8221;off&#8221; button_one_border_radius__hover_enabled=&#8221;off&#8221; button_two_border_radius__hover_enabled=&#8221;off&#8221; button_one_letter_spacing__hover_enabled=&#8221;off&#8221; button_two_letter_spacing__hover_enabled=&#8221;off&#8221; button_one_bg_color__hover_enabled=&#8221;off&#8221; button_two_bg_color__hover_enabled=&#8221;off&#8221;][\/et_pb_button][\/et_pb_column][\/et_pb_row][\/et_pb_section][et_pb_section fb_built=&#8221;1&#8243; _builder_version=&#8221;4.27.4&#8243; _module_preset=&#8221;default&#8221; global_colors_info=&#8221;{}&#8221;][et_pb_row _builder_version=&#8221;4.27.4&#8243; _module_preset=&#8221;default&#8221; background_enable_image=&#8221;off&#8221; background_size=&#8221;contain&#8221; background_position=&#8221;center_right&#8221; background_horizontal_offset=&#8221;4%&#8221; global_colors_info=&#8221;{}&#8221;][et_pb_column type=&#8221;4_4&#8243; _builder_version=&#8221;4.27.4&#8243; _module_preset=&#8221;default&#8221; global_colors_info=&#8221;{}&#8221;][et_pb_text _builder_version=&#8221;4.27.4&#8243; _module_preset=&#8221;default&#8221; global_colors_info=&#8221;{}&#8221;]<\/p>\n<h3 data-start=\"159\" data-end=\"428\" style=\"text-align: left;\">Data support for clinical research across its lifecycle<\/h3>\n<p data-start=\"159\" data-end=\"428\" style=\"text-align: justify;\"><strong data-start=\"671\" data-end=\"698\">The Data Science Unit (DSU)<\/strong> strengthens national capacity in bioinformatics, machine learning and real-world data in clinical research. It focuses on high-quality research data management and analysis, standardisation and responsible use across research institutions. <\/p>\n<p data-start=\"954\" data-end=\"981\">DSU&#8217;s activities are based on the <span style=\"font-size: 14px;\">principles of <\/span><strong data-start=\"995\" data-end=\"1003\" style=\"font-size: 14px;\">FAIR<\/strong><span style=\"font-size: 14px;\"> (Findable, Accessible, Interoperable, Reusable), <\/span><strong data-start=\"1055\" data-end=\"1087\" style=\"font-size: 14px;\">GDPR-compliant data management <\/strong><span style=\"font-size: 14px;\">and the application of modern analytical and predictive methods.<\/span><\/p>\n<p data-start=\"1152\" data-end=\"1319\">DSU supports research teams in the design, implementation and evaluation of clinical trials and contributes to improving the quality, efficiency and reproducibility of clinical research.<\/p>\n<p>[\/et_pb_text][\/et_pb_column][\/et_pb_row][\/et_pb_section][et_pb_section fb_built=&#8221;1&#8243; custom_padding_last_edited=&#8221;on|phone&#8221; admin_label=&#8221;Header&#8221; module_id=&#8221;activities_DSU&#8221; _builder_version=&#8221;4.27.4&#8243; background_color=&#8221;#FFFFFF&#8221; background_enable_image=&#8221;off&#8221; background_size=&#8221;initial&#8221; background_position=&#8221;top_right&#8221; custom_margin=&#8221;||59px|||&#8221; custom_padding=&#8221;0vw|0px|32px|0px|false|false&#8221; custom_padding_tablet=&#8221;120px||120px||true&#8221; custom_padding_phone=&#8221;60px||60px||true&#8221; global_colors_info=&#8221;{}&#8221;][et_pb_row column_structure=&#8221;1_5,1_5,1_5,1_5,1_5&#8243; use_custom_gutter=&#8221;on&#8221; make_equal=&#8221;on&#8221; _builder_version=&#8221;4.27.4&#8243; _module_preset=&#8221;default&#8221; width=&#8221;93%&#8221; global_colors_info=&#8221;{}&#8221;][et_pb_column type=&#8221;1_5&#8243; _builder_version=&#8221;4.27.4&#8243; _module_preset=&#8221;_initial&#8221; background_color=&#8221;#d6ba5e&#8221; background_enable_video_mp4=&#8221;off&#8221; custom_padding=&#8221;40px|40px|40px|40px|true|true&#8221; custom_padding_tablet=&#8221;30px|30px|30px|30px|true|true&#8221; custom_padding_phone=&#8221;20px|20px|20px|20px|true|true&#8221; custom_padding_last_edited=&#8221;on|tablet&#8221; border_radii=&#8221;on|30px|30px|30px|30px&#8221; global_colors_info=&#8221;{}&#8221;][et_pb_icon font_icon=&#8221;&#xf0ce;||fa||900&#8243; icon_color=&#8221;#FFFFFF&#8221; icon_width=&#8221;66px&#8221; align=&#8221;left&#8221; _builder_version=&#8221;4.27.4&#8243; _module_preset=&#8221;default&#8221; custom_padding=&#8221;||50px|||&#8221; global_colors_info=&#8221;{}&#8221;][\/et_pb_icon][et_pb_heading title=&#8221;Clinical research data management and stewardship&#8221; _builder_version=&#8221;4.27.4&#8243; _module_preset=&#8221;_initial&#8221; title_level=&#8221;h4&#8243; title_font=&#8221;Urbanist||||||||&#8221; title_text_color=&#8221;#FFFFFF&#8221; title_font_size=&#8221;22px&#8221; title_line_height=&#8221;1.3em&#8221; custom_margin=&#8221;||10px||false|false&#8221; title_font_size_tablet=&#8221;20px&#8221; title_font_size_phone=&#8221;16px&#8221; title_font_size_last_edited=&#8221;on|desktop&#8221; text_shadow_style=&#8221;preset1&#8243; global_colors_info=&#8221;{}&#8221;][\/et_pb_heading][\/et_pb_column][et_pb_column type=&#8221;1_5&#8243; _builder_version=&#8221;4.27.4&#8243; _module_preset=&#8221;_initial&#8221; background_color=&#8221;#ea6797&#8243; background_enable_image=&#8221;off&#8221; background_enable_video_mp4=&#8221;off&#8221; custom_padding=&#8221;40px|40px|40px|40px|true|true&#8221; custom_padding_tablet=&#8221;30px|30px|30px|30px|true|true&#8221; custom_padding_phone=&#8221;20px|20px|20px|20px|true|true&#8221; custom_padding_last_edited=&#8221;on|tablet&#8221; border_radii=&#8221;on|30px|30px|30px|30px&#8221; global_colors_info=&#8221;{}&#8221;][et_pb_icon font_icon=&#8221;&#xf544;||fa||900&#8243; icon_color=&#8221;#FFFFFF&#8221; icon_width=&#8221;66px&#8221; align=&#8221;left&#8221; _builder_version=&#8221;4.27.4&#8243; _module_preset=&#8221;default&#8221; custom_padding=&#8221;||50px|||&#8221; global_colors_info=&#8221;{}&#8221;][\/et_pb_icon][et_pb_heading title=&#8221;Bioinformatics, machine learning and artificial intelligence&#8221; _builder_version=&#8221;4.27.4&#8243; _module_preset=&#8221;_initial&#8221; title_level=&#8221;h4&#8243; title_font=&#8221;Urbanist||||||||&#8221; title_text_color=&#8221;#FFFFFF&#8221; title_font_size=&#8221;22px&#8221; title_line_height=&#8221;1.3em&#8221; custom_margin=&#8221;||10px||false|false&#8221; title_font_size_tablet=&#8221;20px&#8221; title_font_size_phone=&#8221;16px&#8221; title_font_size_last_edited=&#8221;on|desktop&#8221; global_colors_info=&#8221;{}&#8221;][\/et_pb_heading][\/et_pb_column][et_pb_column type=&#8221;1_5&#8243; _builder_version=&#8221;4.27.4&#8243; _module_preset=&#8221;_initial&#8221; background_color=&#8221;#71D8FF&#8221; background_enable_video_mp4=&#8221;off&#8221; custom_padding=&#8221;40px|40px|40px|40px|true|true&#8221; custom_padding_tablet=&#8221;30px|30px|30px|30px|true|true&#8221; custom_padding_phone=&#8221;20px|20px|20px|20px|true|true&#8221; custom_padding_last_edited=&#8221;on|tablet&#8221; border_radii=&#8221;on|30px|30px|30px|30px&#8221; global_colors_info=&#8221;{}&#8221;][et_pb_icon font_icon=&#8221;&#xf0ac;||fa||900&#8243; icon_color=&#8221;#FFFFFF&#8221; icon_width=&#8221;66px&#8221; align=&#8221;left&#8221; _builder_version=&#8221;4.27.4&#8243; _module_preset=&#8221;default&#8221; custom_padding=&#8221;||50px|||&#8221; global_colors_info=&#8221;{}&#8221;][\/et_pb_icon][et_pb_heading title=&#8221;Use of real-world data and decentralised study models&#8221; _builder_version=&#8221;4.27.4&#8243; _module_preset=&#8221;_initial&#8221; title_level=&#8221;h4&#8243; title_font=&#8221;Urbanist||||||||&#8221; title_text_color=&#8221;#FFFFFF&#8221; title_font_size=&#8221;21px&#8221; title_line_height=&#8221;1.3em&#8221; custom_margin=&#8221;||10px|-17px|false|false&#8221; title_font_size_tablet=&#8221;20px&#8221; title_font_size_phone=&#8221;16px&#8221; title_font_size_last_edited=&#8221;on|desktop&#8221; global_colors_info=&#8221;{}&#8221;][\/et_pb_heading][\/et_pb_column][et_pb_column type=&#8221;1_5&#8243; _builder_version=&#8221;4.27.4&#8243; _module_preset=&#8221;_initial&#8221; background_color=&#8221;#41992f&#8221; background_enable_video_mp4=&#8221;off&#8221; custom_padding=&#8221;40px|40px|40px|40px|true|true&#8221; custom_padding_tablet=&#8221;30px|30px|30px|30px|true|true&#8221; custom_padding_phone=&#8221;20px|20px|20px|20px|true|true&#8221; custom_padding_last_edited=&#8221;on|tablet&#8221; border_radii=&#8221;on|30px|30px|30px|30px&#8221; global_colors_info=&#8221;{}&#8221;][et_pb_icon font_icon=&#8221;&#xf108;||fa||900&#8243; icon_color=&#8221;#FFFFFF&#8221; icon_width=&#8221;66px&#8221; align=&#8221;left&#8221; _builder_version=&#8221;4.27.4&#8243; _module_preset=&#8221;default&#8221; custom_padding=&#8221;||50px|||&#8221; global_colors_info=&#8221;{}&#8221;][\/et_pb_icon][et_pb_heading title=&#8221;Predictive modelling for recruitment and feasibility studies&#8221; _builder_version=&#8221;4.27.4&#8243; _module_preset=&#8221;_initial&#8221; title_level=&#8221;h4&#8243; title_font=&#8221;Urbanist||||||||&#8221; title_text_color=&#8221;#FFFFFF&#8221; title_font_size=&#8221;21px&#8221; title_line_height=&#8221;1.3em&#8221; custom_margin=&#8221;|1px|10px||false|false&#8221; title_font_size_tablet=&#8221;20px&#8221; title_font_size_phone=&#8221;16px&#8221; title_font_size_last_edited=&#8221;on|desktop&#8221; global_colors_info=&#8221;{}&#8221;][\/et_pb_heading][\/et_pb_column][et_pb_column type=&#8221;1_5&#8243; _builder_version=&#8221;4.27.4&#8243; _module_preset=&#8221;_initial&#8221; background_color=&#8221;#10275D&#8221; background_enable_video_mp4=&#8221;off&#8221; custom_padding=&#8221;40px|40px|40px|40px|true|true&#8221; custom_padding_tablet=&#8221;30px|30px|30px|30px|true|true&#8221; custom_padding_phone=&#8221;20px|20px|20px|20px|true|true&#8221; custom_padding_last_edited=&#8221;on|tablet&#8221; border_radii=&#8221;on|30px|30px|30px|30px&#8221; global_colors_info=&#8221;{}&#8221;][et_pb_icon font_icon=&#8221;&#xf6ff;||fa||900&#8243; icon_color=&#8221;#FFFFFF&#8221; icon_width=&#8221;66px&#8221; align=&#8221;left&#8221; _builder_version=&#8221;4.27.4&#8243; _module_preset=&#8221;default&#8221; custom_padding=&#8221;||50px|||&#8221; global_colors_info=&#8221;{}&#8221;][\/et_pb_icon][et_pb_heading title=&#8221;Standardisation of data and processes across sites&#8221; _builder_version=&#8221;4.27.4&#8243; _module_preset=&#8221;_initial&#8221; title_level=&#8221;h4&#8243; title_font=&#8221;Urbanist||||||||&#8221; title_text_color=&#8221;#FFFFFF&#8221; title_font_size=&#8221;21px&#8221; title_line_height=&#8221;1.3em&#8221; custom_margin=&#8221;|1px|10px||false|false&#8221; title_font_size_tablet=&#8221;20px&#8221; title_font_size_phone=&#8221;16px&#8221; title_font_size_last_edited=&#8221;on|desktop&#8221; global_colors_info=&#8221;{}&#8221;][\/et_pb_heading][\/et_pb_column][\/et_pb_row][\/et_pb_section]<\/p>\n","protected":false},"excerpt":{"rendered":"<p>expertise and services Data Science unit &nbsp;It strengthens national capacity in bioinformatics, machine learning and real-world data exploitation and ensures quality research data management in line with FAIR principles and GDPR requirements.Data support for clinical research across its lifecycle The Data Science Unit (DSU) strengthens national capacity in bioinformatics, machine learning and real-world data in [&hellip;]<\/p>\n","protected":false},"author":5,"featured_media":0,"parent":0,"menu_order":0,"comment_status":"closed","ping_status":"closed","template":"","meta":{"_acf_changed":false,"_et_pb_use_builder":"on","_et_pb_old_content":"","_et_gb_content_width":"","inline_featured_image":false,"footnotes":""},"class_list":["post-11301","page","type-page","status-publish","hentry"],"acf":[],"yoast_head":"<!-- This site is optimized with the Yoast SEO plugin v27.2 - https:\/\/yoast.com\/product\/yoast-seo-wordpress\/ -->\n<title>Data-Science Unit &#8226; CZECRIN - \u010cesk\u00e1 n\u00e1rodn\u00ed s\u00ed\u0165 pro podporu klinick\u00e9ho v\u00fdzkumu<\/title>\n<meta name=\"robots\" content=\"index, follow, max-snippet:-1, max-image-preview:large, max-video-preview:-1\" \/>\n<link rel=\"canonical\" href=\"https:\/\/czecrin.cz\/en\/data-science-unit\/\" \/>\n<meta property=\"og:locale\" content=\"en_US\" \/>\n<meta property=\"og:type\" content=\"article\" \/>\n<meta property=\"og:title\" content=\"Data-Science Unit &#8226; CZECRIN - \u010cesk\u00e1 n\u00e1rodn\u00ed s\u00ed\u0165 pro podporu klinick\u00e9ho v\u00fdzkumu\" \/>\n<meta property=\"og:description\" content=\"expertise and services Data Science unit &nbsp;It strengthens national capacity in bioinformatics, machine learning and real-world data exploitation and ensures quality research data management in line with FAIR principles and GDPR requirements.Data support for clinical research across its lifecycle The Data Science Unit (DSU) strengthens national capacity in bioinformatics, machine learning and real-world data in [&hellip;]\" \/>\n<meta property=\"og:url\" content=\"https:\/\/czecrin.cz\/en\/data-science-unit\/\" \/>\n<meta property=\"og:site_name\" content=\"CZECRIN - \u010cesk\u00e1 n\u00e1rodn\u00ed s\u00ed\u0165 pro podporu klinick\u00e9ho v\u00fdzkumu\" \/>\n<meta property=\"article:publisher\" content=\"https:\/\/www.facebook.com\/czecrin\" \/>\n<meta property=\"article:modified_time\" content=\"2026-01-06T09:47:23+00:00\" \/>\n<meta property=\"og:image\" content=\"https:\/\/czecrin.cz\/wp-content\/uploads\/2025\/02\/czecrin__zakladni-logo-1.png\" \/>\n\t<meta property=\"og:image:width\" content=\"1733\" \/>\n\t<meta property=\"og:image:height\" content=\"952\" \/>\n\t<meta property=\"og:image:type\" content=\"image\/png\" \/>\n<meta name=\"twitter:card\" content=\"summary_large_image\" \/>\n<meta name=\"twitter:label1\" content=\"Est. reading time\" \/>\n\t<meta name=\"twitter:data1\" content=\"8 minutes\" \/>\n<script type=\"application\/ld+json\" class=\"yoast-schema-graph\">{\"@context\":\"https:\/\/schema.org\",\"@graph\":[{\"@type\":\"WebPage\",\"@id\":\"https:\/\/czecrin.cz\/en\/data-science-unit\/\",\"url\":\"https:\/\/czecrin.cz\/en\/data-science-unit\/\",\"name\":\"Data-Science Unit &#8226; CZECRIN - \u010cesk\u00e1 n\u00e1rodn\u00ed s\u00ed\u0165 pro podporu klinick\u00e9ho v\u00fdzkumu\",\"isPartOf\":{\"@id\":\"https:\/\/czecrin.cz\/en\/#website\"},\"datePublished\":\"2025-12-22T18:28:51+00:00\",\"dateModified\":\"2026-01-06T09:47:23+00:00\",\"breadcrumb\":{\"@id\":\"https:\/\/czecrin.cz\/en\/data-science-unit\/#breadcrumb\"},\"inLanguage\":\"en-US\",\"potentialAction\":[{\"@type\":\"ReadAction\",\"target\":[\"https:\/\/czecrin.cz\/en\/data-science-unit\/\"]}]},{\"@type\":\"BreadcrumbList\",\"@id\":\"https:\/\/czecrin.cz\/en\/data-science-unit\/#breadcrumb\",\"itemListElement\":[{\"@type\":\"ListItem\",\"position\":1,\"name\":\"Dom\u016f\",\"item\":\"https:\/\/czecrin.cz\/en\/\"},{\"@type\":\"ListItem\",\"position\":2,\"name\":\"Data-Science Unit\"}]},{\"@type\":\"WebSite\",\"@id\":\"https:\/\/czecrin.cz\/en\/#website\",\"url\":\"https:\/\/czecrin.cz\/en\/\",\"name\":\"CZECRIN\",\"description\":\"\u010cesk\u00e1 n\u00e1rodn\u00ed s\u00ed\u0165 pro podporu klinick\u00e9ho v\u00fdzkumu\",\"publisher\":{\"@id\":\"https:\/\/czecrin.cz\/en\/#organization\"},\"alternateName\":\"\u010cesk\u00e1 n\u00e1rodn\u00ed s\u00ed\u0165 pro podporu klinick\u00e9ho v\u00fdzkumu\",\"potentialAction\":[{\"@type\":\"SearchAction\",\"target\":{\"@type\":\"EntryPoint\",\"urlTemplate\":\"https:\/\/czecrin.cz\/en\/?s={search_term_string}\"},\"query-input\":{\"@type\":\"PropertyValueSpecification\",\"valueRequired\":true,\"valueName\":\"search_term_string\"}}],\"inLanguage\":\"en-US\"},{\"@type\":\"Organization\",\"@id\":\"https:\/\/czecrin.cz\/en\/#organization\",\"name\":\"VVI CZECRIN\",\"alternateName\":\"\u010cesk\u00e1 n\u00e1rodn\u00ed s\u00ed\u0165 pro podporu klinick\u00e9ho v\u00fdzkumu\",\"url\":\"https:\/\/czecrin.cz\/en\/\",\"logo\":{\"@type\":\"ImageObject\",\"inLanguage\":\"en-US\",\"@id\":\"https:\/\/czecrin.cz\/en\/#\/schema\/logo\/image\/\",\"url\":\"https:\/\/czecrin.cz\/wp-content\/uploads\/2025\/02\/czecrin__zakladni-logo-1.png\",\"contentUrl\":\"https:\/\/czecrin.cz\/wp-content\/uploads\/2025\/02\/czecrin__zakladni-logo-1.png\",\"width\":1733,\"height\":952,\"caption\":\"VVI CZECRIN\"},\"image\":{\"@id\":\"https:\/\/czecrin.cz\/en\/#\/schema\/logo\/image\/\"},\"sameAs\":[\"https:\/\/www.facebook.com\/czecrin\",\"https:\/\/www.linkedin.com\/company\/czecrin\/\"]}]}<\/script>\n<!-- \/ Yoast SEO plugin. -->","yoast_head_json":{"title":"Data-Science Unit &#8226; CZECRIN - \u010cesk\u00e1 n\u00e1rodn\u00ed s\u00ed\u0165 pro podporu klinick\u00e9ho v\u00fdzkumu","robots":{"index":"index","follow":"follow","max-snippet":"max-snippet:-1","max-image-preview":"max-image-preview:large","max-video-preview":"max-video-preview:-1"},"canonical":"https:\/\/czecrin.cz\/en\/data-science-unit\/","og_locale":"en_US","og_type":"article","og_title":"Data-Science Unit &#8226; CZECRIN - \u010cesk\u00e1 n\u00e1rodn\u00ed s\u00ed\u0165 pro podporu klinick\u00e9ho v\u00fdzkumu","og_description":"expertise and services Data Science unit &nbsp;It strengthens national capacity in bioinformatics, machine learning and real-world data exploitation and ensures quality research data management in line with FAIR principles and GDPR requirements.Data support for clinical research across its lifecycle The Data Science Unit (DSU) strengthens national capacity in bioinformatics, machine learning and real-world data in [&hellip;]","og_url":"https:\/\/czecrin.cz\/en\/data-science-unit\/","og_site_name":"CZECRIN - \u010cesk\u00e1 n\u00e1rodn\u00ed s\u00ed\u0165 pro podporu klinick\u00e9ho v\u00fdzkumu","article_publisher":"https:\/\/www.facebook.com\/czecrin","article_modified_time":"2026-01-06T09:47:23+00:00","og_image":[{"width":1733,"height":952,"url":"https:\/\/czecrin.cz\/wp-content\/uploads\/2025\/02\/czecrin__zakladni-logo-1.png","type":"image\/png"}],"twitter_card":"summary_large_image","twitter_misc":{"Est. reading time":"8 minutes"},"schema":{"@context":"https:\/\/schema.org","@graph":[{"@type":"WebPage","@id":"https:\/\/czecrin.cz\/en\/data-science-unit\/","url":"https:\/\/czecrin.cz\/en\/data-science-unit\/","name":"Data-Science Unit &#8226; CZECRIN - \u010cesk\u00e1 n\u00e1rodn\u00ed s\u00ed\u0165 pro podporu klinick\u00e9ho v\u00fdzkumu","isPartOf":{"@id":"https:\/\/czecrin.cz\/en\/#website"},"datePublished":"2025-12-22T18:28:51+00:00","dateModified":"2026-01-06T09:47:23+00:00","breadcrumb":{"@id":"https:\/\/czecrin.cz\/en\/data-science-unit\/#breadcrumb"},"inLanguage":"en-US","potentialAction":[{"@type":"ReadAction","target":["https:\/\/czecrin.cz\/en\/data-science-unit\/"]}]},{"@type":"BreadcrumbList","@id":"https:\/\/czecrin.cz\/en\/data-science-unit\/#breadcrumb","itemListElement":[{"@type":"ListItem","position":1,"name":"Dom\u016f","item":"https:\/\/czecrin.cz\/en\/"},{"@type":"ListItem","position":2,"name":"Data-Science Unit"}]},{"@type":"WebSite","@id":"https:\/\/czecrin.cz\/en\/#website","url":"https:\/\/czecrin.cz\/en\/","name":"CZECRIN","description":"\u010cesk\u00e1 n\u00e1rodn\u00ed s\u00ed\u0165 pro podporu klinick\u00e9ho v\u00fdzkumu","publisher":{"@id":"https:\/\/czecrin.cz\/en\/#organization"},"alternateName":"\u010cesk\u00e1 n\u00e1rodn\u00ed s\u00ed\u0165 pro podporu klinick\u00e9ho v\u00fdzkumu","potentialAction":[{"@type":"SearchAction","target":{"@type":"EntryPoint","urlTemplate":"https:\/\/czecrin.cz\/en\/?s={search_term_string}"},"query-input":{"@type":"PropertyValueSpecification","valueRequired":true,"valueName":"search_term_string"}}],"inLanguage":"en-US"},{"@type":"Organization","@id":"https:\/\/czecrin.cz\/en\/#organization","name":"VVI CZECRIN","alternateName":"\u010cesk\u00e1 n\u00e1rodn\u00ed s\u00ed\u0165 pro podporu klinick\u00e9ho v\u00fdzkumu","url":"https:\/\/czecrin.cz\/en\/","logo":{"@type":"ImageObject","inLanguage":"en-US","@id":"https:\/\/czecrin.cz\/en\/#\/schema\/logo\/image\/","url":"https:\/\/czecrin.cz\/wp-content\/uploads\/2025\/02\/czecrin__zakladni-logo-1.png","contentUrl":"https:\/\/czecrin.cz\/wp-content\/uploads\/2025\/02\/czecrin__zakladni-logo-1.png","width":1733,"height":952,"caption":"VVI CZECRIN"},"image":{"@id":"https:\/\/czecrin.cz\/en\/#\/schema\/logo\/image\/"},"sameAs":["https:\/\/www.facebook.com\/czecrin","https:\/\/www.linkedin.com\/company\/czecrin\/"]}]}},"_links":{"self":[{"href":"https:\/\/czecrin.cz\/en\/wp-json\/wp\/v2\/pages\/11301","targetHints":{"allow":["GET"]}}],"collection":[{"href":"https:\/\/czecrin.cz\/en\/wp-json\/wp\/v2\/pages"}],"about":[{"href":"https:\/\/czecrin.cz\/en\/wp-json\/wp\/v2\/types\/page"}],"author":[{"embeddable":true,"href":"https:\/\/czecrin.cz\/en\/wp-json\/wp\/v2\/users\/5"}],"replies":[{"embeddable":true,"href":"https:\/\/czecrin.cz\/en\/wp-json\/wp\/v2\/comments?post=11301"}],"version-history":[{"count":3,"href":"https:\/\/czecrin.cz\/en\/wp-json\/wp\/v2\/pages\/11301\/revisions"}],"predecessor-version":[{"id":11437,"href":"https:\/\/czecrin.cz\/en\/wp-json\/wp\/v2\/pages\/11301\/revisions\/11437"}],"wp:attachment":[{"href":"https:\/\/czecrin.cz\/en\/wp-json\/wp\/v2\/media?parent=11301"}],"curies":[{"name":"wp","href":"https:\/\/api.w.org\/{rel}","templated":true}]}}